{"id":1632,"date":"2024-09-25T13:18:59","date_gmt":"2024-09-25T13:18:59","guid":{"rendered":"https:\/\/www.sportschuetzen-eppan.it\/protezione-dei-dati\/"},"modified":"2024-10-29T08:22:07","modified_gmt":"2024-10-29T08:22:07","slug":"protezione-dei-dati","status":"publish","type":"page","link":"https:\/\/www.sportschuetzen-eppan.it\/it\/protezione-dei-dati\/","title":{"rendered":"Protezione dei dati"},"content":{"rendered":"\t\t<div data-elementor-type=\"wp-page\" data-elementor-id=\"1632\" class=\"elementor elementor-1632 elementor-1088\" data-elementor-post-type=\"page\">\n\t\t\t\t\t\t<section class=\"elementor-section elementor-top-section elementor-element elementor-element-66caf6f6 elementor-section-full_width elementor-section-height-default elementor-section-height-default\" data-id=\"66caf6f6\" data-element_type=\"section\" data-settings=\"{&quot;background_background&quot;:&quot;classic&quot;}\">\n\t\t\t\t\t\t\t<div class=\"elementor-background-overlay\"><\/div>\n\t\t\t\t\t\t\t<div class=\"elementor-container elementor-column-gap-default\">\n\t\t\t\t\t<div class=\"elementor-column elementor-col-100 elementor-top-column elementor-element elementor-element-116d1bd5\" data-id=\"116d1bd5\" data-element_type=\"column\" data-settings=\"{&quot;background_background&quot;:&quot;classic&quot;}\">\n\t\t\t<div class=\"elementor-widget-wrap elementor-element-populated\">\n\t\t\t\t\t\t<section class=\"elementor-section elementor-inner-section elementor-element elementor-element-4963383d elementor-section-boxed elementor-section-height-default elementor-section-height-default\" data-id=\"4963383d\" data-element_type=\"section\">\n\t\t\t\t\t\t<div class=\"elementor-container elementor-column-gap-default\">\n\t\t\t\t\t<div class=\"elementor-column elementor-col-100 elementor-inner-column elementor-element elementor-element-2c1a0ad2\" data-id=\"2c1a0ad2\" data-element_type=\"column\">\n\t\t\t<div class=\"elementor-widget-wrap elementor-element-populated\">\n\t\t\t\t\t\t<div class=\"elementor-element elementor-element-628ccfb7 elementor-widget__width-auto elementor-icon-list--layout-traditional elementor-list-item-link-full_width elementor-widget elementor-widget-icon-list\" data-id=\"628ccfb7\" data-element_type=\"widget\" data-widget_type=\"icon-list.default\">\n\t\t\t\t<div class=\"elementor-widget-container\">\n\t\t\t\t\t<ul class=\"elementor-icon-list-items\">\n\t\t\t\t\t\t\t<li class=\"elementor-icon-list-item\">\n\t\t\t\t\t\t\t\t\t\t\t<a href=\"#\">\n\n\t\t\t\t\t\t\t\t\t\t\t<span class=\"elementor-icon-list-text\">Home<\/span>\n\t\t\t\t\t\t\t\t\t\t\t<\/a>\n\t\t\t\t\t\t\t\t\t<\/li>\n\t\t\t\t\t\t<\/ul>\n\t\t\t\t<\/div>\n\t\t\t\t<\/div>\n\t\t\t\t<div class=\"elementor-element elementor-element-1fb5e991 elementor-widget__width-auto elementor-widget elementor-widget-heading\" data-id=\"1fb5e991\" data-element_type=\"widget\" data-widget_type=\"heading.default\">\n\t\t\t\t<div class=\"elementor-widget-container\">\n\t\t\t<h4 class=\"elementor-heading-title elementor-size-default\">.<\/h4>\t\t<\/div>\n\t\t\t\t<\/div>\n\t\t\t\t<div class=\"elementor-element elementor-element-741af900 elementor-widget__width-auto elementor-icon-list--layout-traditional elementor-list-item-link-full_width elementor-widget elementor-widget-icon-list\" data-id=\"741af900\" data-element_type=\"widget\" data-widget_type=\"icon-list.default\">\n\t\t\t\t<div class=\"elementor-widget-container\">\n\t\t\t\t\t<ul class=\"elementor-icon-list-items\">\n\t\t\t\t\t\t\t<li class=\"elementor-icon-list-item\">\n\t\t\t\t\t\t\t\t\t\t<span class=\"elementor-icon-list-text\">Info<\/span>\n\t\t\t\t\t\t\t\t\t<\/li>\n\t\t\t\t\t\t<\/ul>\n\t\t\t\t<\/div>\n\t\t\t\t<\/div>\n\t\t\t\t<div class=\"elementor-element elementor-element-29fc7cae elementor-widget elementor-widget-heading\" data-id=\"29fc7cae\" data-element_type=\"widget\" data-widget_type=\"heading.default\">\n\t\t\t\t<div class=\"elementor-widget-container\">\n\t\t\t<h2 class=\"elementor-heading-title elementor-size-default\">Normativa sulla protezione dei dati<\/h2>\t\t<\/div>\n\t\t\t\t<\/div>\n\t\t\t\t\t<\/div>\n\t\t<\/div>\n\t\t\t\t\t<\/div>\n\t\t<\/section>\n\t\t\t\t\t<\/div>\n\t\t<\/div>\n\t\t\t\t\t<\/div>\n\t\t<\/section>\n\t\t\t\t<section class=\"elementor-section elementor-top-section elementor-element elementor-element-499f0b68 elementor-section-boxed elementor-section-height-default elementor-section-height-default\" data-id=\"499f0b68\" data-element_type=\"section\" data-settings=\"{&quot;background_background&quot;:&quot;classic&quot;}\">\n\t\t\t\t\t\t\t<div class=\"elementor-background-overlay\"><\/div>\n\t\t\t\t\t\t\t<div class=\"elementor-container elementor-column-gap-default\">\n\t\t\t\t\t<div class=\"elementor-column elementor-col-100 elementor-top-column elementor-element elementor-element-12c05f67\" data-id=\"12c05f67\" data-element_type=\"column\">\n\t\t\t<div class=\"elementor-widget-wrap elementor-element-populated\">\n\t\t\t\t<div class=\"elementor-element elementor-element-3777c17 e-flex e-con-boxed e-con e-parent\" data-id=\"3777c17\" data-element_type=\"container\">\n\t\t\t\t\t<div class=\"e-con-inner\">\n\t\t\t\t<div class=\"elementor-element elementor-element-8b66823 elementor-widget elementor-widget-text-editor\" data-id=\"8b66823\" data-element_type=\"widget\" data-widget_type=\"text-editor.default\">\n\t\t\t\t<div class=\"elementor-widget-container\">\n\t\t\t\t\t\t\t<div>\n<p><strong>Chiarimenti sulla protezione dei dati<\/strong><\/p>\n<p>della societ\u00e0 Sportsch\u00fctzen Eppan, con sede legale in Kapuzinerstr. 25\/A &#8211; 39057 Eppan an der Weinstra\u00dfe (BZ) &#8211; Italia, (di seguito la &#8220;Societ\u00e0&#8221;) <\/p>\n<p>Indice dei contenuti<\/p>\n<ol>\n<li>Informazioni generali<\/li>\n<li>Dati personali trattati<\/li>\n<li>Finalit\u00e0 del trattamento dei dati<\/li>\n<li>Liceit\u00e0 del trattamento<\/li>\n<li>Trasmissione dei tuoi dati a terzi<\/li>\n<li>Durata del trattamento dei tuoi dati personali<\/li>\n<li>Minori<\/li>\n<li>I tuoi diritti<\/li>\n<li>Puoi contattarci ai seguenti recapiti<\/li>\n<\/ol>\n<p>*****************<\/p>\n<ol>\n<li><strong>Informazioni generali<\/strong>\n<ol>\n<li>La protezione dei tuoi dati personali ci sta particolarmente a cuore. Pertanto, trattiamo i tuoi dati esclusivamente sulla base del Regolamento Generale sulla Protezione dei Dati dell&#8217;Unione Europea n. 679\/2016 (di seguito, &#8220;GDPR&#8221;), nonch\u00e9 del relativo Decreto Legislativo italiano n. 196\/2003. Decreto Legislativo n. 196\/2003.  <\/li>\n<li>In questa informativa sulla protezione dei dati, ti informiamo sugli aspetti pi\u00f9 importanti del trattamento dei dati nel contesto dei servizi che offriamo, tra cui il nostro sito web e la nostra attivit\u00e0 online (di seguito denominati &#8220;servizi&#8221; o &#8220;prodotti&#8221;).<\/li>\n<li>Tutti i termini contenuti nella presente informativa sulla privacy hanno il significato definito nelle fonti giuridiche citate al punto 1.1.<\/li>\n<\/ol>\n<\/li>\n<li><strong>Dati personali trattati<\/strong>\n<ol>\n<li>Quando elaboriamo le tue prenotazioni, i tuoi servizi e\/o le tue richieste di informazioni, elaboriamo<br><ol type=\"a\">\n<li>Il tuo nome e cognome;<\/li>\n<li>Luogo e data di nascita ;<\/li>\n<li>Il tuo numero di telefono;<\/li>\n<li>Il tuo indirizzo di casa;<\/li>\n<li>Indirizzo e-mail;<\/li>\n<li>Indirizzo IP;<\/li>\n<li>Numero di identificazione e\/o codice fiscale;<\/li>\n<li>Informazioni sulle modalit\u00e0 di utilizzo dei servizi;<\/li>\n<li>Dati tecnici, come l&#8217;URL con cui accedi al nostro sito web, il tuo indirizzo IP, le prestazioni della rete e del PC, il tipo di browser, la lingua selezionata, il sistema operativo, ecc;<\/li>\n<li>Dati di posizione, ad esempio GPS<\/li>\n<\/ol>\n<\/li>\n<li>Senza questi dati non possiamo n\u00e9 offrire il servizio n\u00e9 fatturarlo correttamente.<\/li>\n<li>Non vengono trattate categorie particolari di dati personali ai sensi dell&#8217;art. 9 del GDPR.<\/li>\n<\/ol>\n<\/li>\n<li><strong>Finalit\u00e0 del trattamento dei dati<\/strong>\n<ol>\n<li>Trattiamo i dati di cui sopra per le seguenti finalit\u00e0:<br><ol type=\"a\">\n<li>per attivare\/offrire i servizi e per integrarli con servizi di terze parti,<\/li>\n<li>per offrire i servizi in conformit\u00e0 ai nostri termini e condizioni generali e per consentire il consumo degli stessi;<\/li>\n<li>inviarti messaggi di errore o notifiche;<\/li>\n<li>Per informarti su novit\u00e0 e aggiornamenti dei nostri servizi o dei nostri termini e condizioni generali;<\/li>\n<li>Per migliorare i servizi esistenti o sviluppare nuovi servizi e per analizzare il comportamento degli utenti in relazione a tali servizi;<\/li>\n<li>Invio di newsletter;<\/li>\n<li>Per garantire la funzionalit\u00e0 dei servizi ed evitare l&#8217;utilizzo dei nostri servizi in violazione dei nostri termini e condizioni generali;<\/li>\n<li>Applicare i nostri termini e condizioni, compresa la protezione dei nostri diritti, propriet\u00e0 e sicurezza, e dei diritti, propriet\u00e0 e sicurezza di terzi, quando necessario;<\/li>\n<li>Adempimento di obblighi legali, obblighi derivanti da regolamenti, norme comunitarie e leggi civili e fiscali;<\/li>\n<li>Adempimento di eventuali obblighi contrattuali nei confronti dell&#8217;interessato;<\/li>\n<li>Adempimento di attivit\u00e0 connesse alle attivit\u00e0 commerciali della nostra azienda, come la preparazione di statistiche interne, la contabilit\u00e0 e la gestione della contabilit\u00e0 clienti\/fornitori;<\/li>\n<li>Protezione dei crediti e gestione delle passivit\u00e0.<\/li>\n<\/ol>\n<\/li>\n<\/ol>\n<\/li>\n<li><strong>Liceit\u00e0 del trattamento<\/strong>\n<ol>\n<li>Se clicchi su &#8220;Consenso al trattamento dei dati&#8221;, dai il tuo esplicito consenso al trattamento dei tuoi dati personali per le finalit\u00e0 elencate nel punto 3;<\/li>\n<li>Quando e dopo la conclusione di un contratto (anche online), i dati personali vengono trattati per l&#8217;esecuzione dei servizi;<\/li>\n<li>Se le norme di legge prevedono il trattamento obbligatorio dei dati personali, questo viene effettuato nel modo previsto.<\/li>\n<\/ol>\n<\/li>\n<li><strong>Trasmissione dei tuoi dati a terzi<\/strong>\n<ol>\n<li>Potremmo trasmettere i tuoi dati a terzi:<br><ol type=\"a\">\n<li>Societ\u00e0 affiliate &#8211; Societ\u00e0 che hanno un legame con l&#8217;azienda attraverso la propriet\u00e0 o il controllo comune;<\/li>\n<li>Partner commerciali &#8211; aziende di fiducia che forniscono informazioni su prodotti e servizi di tuo interesse, a condizione che tu abbia espressamente acconsentito;<\/li>\n<li>&nbsp;Istituti di credito con cui l&#8217;azienda intrattiene rapporti commerciali per la gestione dei crediti, delle passivit\u00e0 e dell&#8217;intermediazione finanziaria;<\/li>\n<li>&nbsp;Fornitore di servizi &#8211; Societ\u00e0 che forniscono servizi per conto dell&#8217;azienda;<\/li>\n<li>&nbsp;Autorit\u00e0 preposte all&#8217;applicazione della legge &#8211; se siamo obbligati a farlo o per proteggere i nostri clienti\/partner commerciali;<\/li>\n<li>a tutte quelle persone fisiche e\/o giuridiche, pubbliche e\/o private (uffici di consulenza legale, amministrativa e fiscale, tribunali, camere di commercio, ecc.) qualora l&#8217;invio risulti necessario o utile per lo svolgimento delle attivit\u00e0 dell&#8217;azienda e con le modalit\u00e0 e le finalit\u00e0 indicate al punto 4;<\/li>\n<li>alle pubbliche amministrazioni e alle autorit\u00e0, se ci\u00f2 \u00e8 previsto dalla legge.<\/li>\n<\/ol>\n<\/li>\n<li>Quando visiti il nostro sito web e\/o utilizzi i nostri servizi, potresti essere indirizzato ad altri siti web dove la raccolta dei dati potrebbe essere effettuata al di fuori del nostro controllo. In questo caso, fa fede la politica di protezione dei dati del gestore dell&#8217;altro sito web. <\/li>\n<\/ol>\n<\/li>\n<li><strong>Durata e tipo di trattamento dei tuoi dati personali<\/strong>\n<ol>\n<li>I tuoi dati saranno conservati ed elaborati per un periodo massimo di 10 anni a partire dalla cancellazione del tuo account &#8211; richiesta di cancellazione dei dati &#8211; in conformit\u00e0 con il periodo contrattualmente previsto.<\/li>\n<li>I dati utilizzati per scopi di marketing saranno cancellati dopo 12 mesi dalla cancellazione del tuo account &#8211; richiesta di cancellazione dei dati.<\/li>\n<li>A prescindere da ci\u00f2, i periodi previsti dalla legge per il backup dei dati vengono rispettati per motivi di legge.<\/li>\n<li>Il trattamento dei dati potr\u00e0 essere effettuato con o senza l&#8217;ausilio di mezzi elettronici e comunque automatizzati e comprender\u00e0 tutte le operazioni previste dall&#8217;art. 4, comma 1, lettera a) del D.Lgs. 30 giugno 2003, n. 196 e necessarie al trattamento in questione. In ogni caso, il trattamento dei dati avviene nel rispetto di tutte le misure di sicurezza che ne garantiscono la sicurezza e la riservatezza. <\/li>\n<\/ol>\n<\/li>\n<li><strong>Minori<\/strong>\n<ol>\n<li>Non offriamo i nostri servizi a minori di 14 anni.&nbsp;&nbsp;Se sei responsabile della supervisione di una persona di et\u00e0 inferiore ai 14 anni e ti accorgi che il minore ci ha trasmesso dei dati senza il nostro consenso, ti preghiamo di contattarci immediatamente (vedi Impronta), in modo che possiamo intraprendere un&#8217;azione legale nell&#8217;interesse del minore. <\/li>\n<\/ol>\n<\/li>\n<li><strong>I tuoi diritti<\/strong>\n<ol>\n<li>Hai il diritto assoluto di accedere ai tuoi dati in qualsiasi momento. In linea di principio, hai il diritto di informazione, correzione, cancellazione, restrizione, portabilit\u00e0 dei dati, cancellazione e opposizione. <\/li>\n<li>Se ritiri il tuo consenso al trattamento dei dati, ci\u00f2 non pregiudica la liceit\u00e0 del trattamento dei dati precedente alla revoca. In alcuni casi, i tuoi dati personali possono essere trattati da noi anche dopo la revoca del tuo consenso, ma solo se esiste una base legale per il trattamento diversa dal tuo consenso. Puoi opporti al marketing diretto in qualsiasi momento.  <\/li>\n<\/ol>\n<\/li>\n<li><strong>&nbsp;Puoi raggiungerci ai recapiti indicati nella stampa<\/strong><\/li>\n<\/ol>\n<\/div>\n<p><strong><br><\/strong><\/p><p><br>C<strong>ookies<\/strong> Alcune pagine web utilizzano i cosiddetti cookies. I cookie non danneggiano il tuo computer e non contengono virus. I cookie vengono utilizzati per rendere il nostro sito web pi\u00f9 facile da usare, efficace e sicuro.<br>I cookie sono piccoli file di testo che vengono memorizzati sul tuo dispositivo e salvati dal tuo browser. La maggior parte dei cookie che utilizziamo sono i cosiddetti &#8220;cookie di sessione&#8221;. Vengono eliminati automaticamente al termine della visita. Altri cookie rimangono memorizzati sul tuo dispositivo finch\u00e9 non li cancelli.<br>Puoi impostare il tuo browser in modo da essere informato sull&#8217;impostazione dei cookie e consentirli solo in singoli casi, escludere l&#8217;accettazione dei cookie per determinati casi o in generale e attivare la cancellazione automatica dei cookie alla chiusura del browser. Se i cookie vengono disattivati, le funzionalit\u00e0 di questo sito web potrebbero essere limitate.       <\/p>\n<p><br>F<strong>ile di log del server<\/strong> Il fornitore delle pagine raccoglie e memorizza automaticamente le informazioni nei cosiddetti file di log del server, che il tuo browser ci trasmette automaticamente. Questi sono <\/p>\n<p><br><br><br><br><br>Tipo e versione del browser Sistema operativo utilizzato Referrer URL Nome host del computer di accesso Ora della richiesta al server Questi dati non possono essere assegnati a persone specifiche. Questi dati non vengono uniti ad altre fonti di dati. Ci riserviamo il diritto di controllare questi dati retrospettivamente se veniamo a conoscenza di indicazioni specifiche di utilizzo illegale.  <\/p>\n<p><br>M<strong>odulo di contatto<\/strong> Se ci invii richieste di informazioni tramite il modulo di contatto, i tuoi dati dal modulo di richiesta, compresi i dati di contatto che ci fornisci, saranno memorizzati da noi allo scopo di elaborare la richiesta e in caso di domande successive. Non trasmetteremo questi dati senza il tuo consenso. <\/p>\n<p><br>D<strong>ati della newsletter<\/strong> Se desideri ricevere la newsletter offerta sul sito web, ti chiediamo un indirizzo e-mail e informazioni che ci consentano di verificare che tu sia il proprietario dell&#8217;indirizzo e-mail fornito e che accetti di ricevere la newsletter. Non vengono raccolti altri dati.<br>Utilizziamo questi dati esclusivamente per l&#8217;invio delle informazioni richieste e non li trasmettiamo a terzi. Puoi revocare il tuo consenso alla memorizzazione dei dati, dell&#8217;indirizzo e-mail e del loro utilizzo per l&#8217;invio della newsletter in qualsiasi momento, ad esempio tramite il link &#8220;cancella iscrizione&#8221; presente nella newsletter.  <\/p>\n<p><br>I<strong>nformativa sulla privacy per l&#8217;utilizzo di Google Analytics<\/strong> Questo sito web utilizza le funzioni del servizio di analisi web Google Analytics.<br>Il fornitore \u00e8 Google Inc, 1600 Amphitheatre Parkway Mountain View, CA 94043, USA. Google Analytics utilizza i cosiddetti &#8220;cookie&#8221;. Si tratta di file di testo che vengono memorizzati sul tuo computer e che consentono di analizzare il tuo utilizzo del sito web.<br>Le informazioni generate dal cookie sull&#8217;utilizzo del sito web da parte dell&#8217;utente vengono solitamente trasferite a un server di Google negli Stati Uniti e l\u00ec memorizzate. Puoi trovare maggiori informazioni sulle modalit\u00e0 di gestione dei dati degli utenti da parte di Google Analytics nell&#8217;informativa sulla privacy di Google:  &nbsp;<br><br>https:\/\/support.google.com\/analytics\/answer\/6004245?hl=de Plugin del browser Puoi rifiutare l&#8217;uso dei cookie selezionando l&#8217;impostazione appropriata sul tuo browser; tuttavia, tieni presente che in tal caso potresti non essere in grado di utilizzare tutte le funzionalit\u00e0 di questo sito web. Puoi anche impedire a Google di raccogliere i dati generati dal cookie e relativi al tuo utilizzo del sito web (compreso il tuo indirizzo IP) e di elaborarli da parte di Google scaricando e installando il plug-in del browser disponibile al seguente link: &nbsp;<a href=\"https:\/\/tools.google.com\/dlpage\/gaoptout?hl=de\" target=\"_blank\" rel=\"noopener\">https:\/\/tools.google.com\/dlpage\/gaoptout?hl=de<\/a><\/p>\n<p><br>I<strong>nformativa sulla privacy per l&#8217;utilizzo di Google Web Fonts<\/strong> Questo sito utilizza i cosiddetti web fonts forniti da Google per la visualizzazione standardizzata dei caratteri. Quando accedi a una pagina, il tuo browser carica i web font necessari nella cache del browser per visualizzare correttamente i testi e i caratteri.<br>Se il tuo browser non supporta i web font, il tuo computer utilizzer\u00e0 un font standard. Ulteriori informazioni sui web font di Google sono disponibili all&#8217;indirizzo  &nbsp;&nbsp;https:\/\/developers.google.com\/fonts\/faq e nell&#8217;informativa sulla privacy di Google:&nbsp;<a href=\"https:\/\/www.google.com\/policies\/privacy\/\" target=\"_blank\" rel=\"noopener\">https:\/\/www.google.com\/policies\/privacy\/<\/a><\/p>\n<p><br>I<strong>nformativa sulla privacy per l&#8217;utilizzo di Google Adsense<\/strong> Questo sito web utilizza Google AdSense, un servizio di integrazione di annunci pubblicitari di Google Inc (&#8220;Google&#8221;).<br>Il fornitore \u00e8 Google Inc, 1600 Amphitheatre Parkway Mountain View, CA 94043, USA. Google AdSense utilizza i cosiddetti &#8220;cookie&#8221;, file di testo che vengono depositati sul tuo computer per consentire al sito web di analizzare come gli utenti utilizzano il sito. Google AdSense utilizza anche i cosiddetti web beacon (grafici invisibili).<br>Le informazioni generate dai cookie e dai web beacon sull&#8217;utilizzo di questo sito web (compreso il tuo indirizzo IP) e sulla consegna dei formati pubblicitari vengono trasmesse a un server di Google negli Stati Uniti e l\u00ec memorizzate. Queste informazioni possono essere trasmesse da Google a partner contrattuali di Google.<br>Tuttavia, Google non assocer\u00e0 il tuo indirizzo IP a nessun altro dato posseduto da Google. Puoi rifiutare l&#8217;uso dei cookie selezionando l&#8217;impostazione appropriata sul tuo browser; tuttavia, tieni presente che in tal caso potresti non essere in grado di utilizzare tutte le funzionalit\u00e0 di questo sito web. Utilizzando il presente sito web, l&#8217;utente acconsente al trattamento dei propri dati da parte di Google per le modalit\u00e0 e i fini sopraindicati.     <\/p>\n<p><br>I<strong>nformativa sulla privacy per il remarketing cross-device<\/strong> I nostri siti web utilizzano le funzioni di Google Analytics Remarketing insieme alle funzioni cross-device di Google AdWords e Google DoubleClick.<br>Il fornitore \u00e8 Google Inc. 1600 Amphitheatre Parkway Mountain View, CA 94043, USA. Questa funzione consente di collegare i gruppi target pubblicitari creati con Google Analytics Remarketing con le funzioni cross-device di Google AdWords e Google DoubleClick.<br>In questo modo, i messaggi pubblicitari personalizzati e basati sugli interessi che sono stati adattati all&#8217;utente in base al suo precedente utilizzo e al suo comportamento di navigazione su un dispositivo finale (ad esempio, un telefono cellulare) possono essere visualizzati anche su un altro dispositivo finale (ad esempio, un tablet o un PC). Se hai dato il tuo consenso, Google collegher\u00e0 la tua cronologia di navigazione sul web e sulle app al tuo account Google a questo scopo.<br><br>In questo modo, gli stessi messaggi pubblicitari personalizzati possono essere visualizzati su tutti i dispositivi su cui accedi con il tuo account Google. Per supportare questa funzione, Google Analytics raccoglie ID utente autenticati da Google che vengono temporaneamente collegati ai nostri dati Google Analytics al fine di definire e creare gruppi target per la pubblicit\u00e0 cross-device. Puoi opporti in modo permanente al remarketing\/targeting cross-device disattivando la pubblicit\u00e0 personalizzata nel tuo account Google; segui questo link per farlo:    &nbsp;<br>https:\/\/www.google.com\/settings\/ads\/onweb\/ Ulteriori informazioni e le disposizioni sulla protezione dei dati sono disponibili nell&#8217;informativa sulla privacy di Google all&#8217;indirizzo:&nbsp;<a href=\"https:\/\/www.google.com\/policies\/technologies\/ads\/\" target=\"_blank\" rel=\"noopener\">https:\/\/www.google.com\/policies\/technologies\/ads\/<\/a><\/p>\n<p><br>M<strong>emorizzazione dell&#8217;indirizzo IP<\/strong> La nostra funzione commenti memorizza gli indirizzi IP degli utenti che scrivono commenti. Poich\u00e9 non controlliamo i commenti sul nostro sito prima che vengano attivati, abbiamo bisogno di questi dati per poter agire contro l&#8217;autore in caso di violazioni legali come insulti o propaganda. <\/p>\n<p><br>C<strong>rittografia SSL<\/strong> Questo sito utilizza la crittografia SSL per motivi di sicurezza e per proteggere la trasmissione di contenuti riservati, come le richieste di informazioni che ci invii in qualit\u00e0 di gestore del sito.<br>Puoi riconoscere una connessione crittografata dal fatto che la riga dell&#8217;indirizzo del browser cambia da &#8220;http:\/\/&#8221; a &#8220;https:\/\/&#8221; e dal simbolo del lucchetto nella riga del browser. Se la crittografia SSL \u00e8 attivata, i dati che ci trasmetti non possono essere letti da terzi. <\/p>\n<p><br>E<strong>laborazione dei dati (dati del cliente e del contratto)<\/strong> Raccogliamo, elaboriamo e utilizziamo i dati personali solo nella misura in cui ci\u00f2 \u00e8 necessario per stabilire, organizzare il contenuto o modificare il rapporto giuridico (dati di inventario). Raccogliamo, elaboriamo e utilizziamo i dati personali relativi all&#8217;utilizzo del nostro sito web (dati di utilizzo) solo nella misura in cui ci\u00f2 \u00e8 necessario per consentire all&#8217;utente di utilizzare il servizio o per fatturare all&#8217;utente. <\/p>\n<p><br><br>T<strong>rasmissione dei dati al momento della stipula di un contratto per servizi e contenuti digitali<\/strong> Trasmettiamo i dati personali a terzi solo se ci\u00f2 \u00e8 necessario nel contesto dell&#8217;elaborazione del contratto, ad esempio all&#8217;istituto di credito incaricato dell&#8217;elaborazione del pagamento. Non avviene alcuna ulteriore trasmissione di dati o solo se hai espressamente acconsentito alla trasmissione. I tuoi dati non saranno trasmessi a terzi senza il tuo esplicito consenso, ad esempio per scopi pubblicitari. <\/p>\n<p><br>I<strong>nformazioni, cancellazione, blocco<\/strong> Hai il diritto di ricevere informazioni gratuite sui tuoi dati personali memorizzati, sulla loro origine, sui destinatari e sullo scopo del trattamento dei dati, nonch\u00e9 il diritto alla correzione, al blocco o alla cancellazione di tali dati in qualsiasi momento. Puoi contattarci in qualsiasi momento all&#8217;indirizzo indicato nella nota legale se hai ulteriori domande sul tema dei dati personali. <\/p>\n<p><br>O<strong>biezione alle e-mail pubblicitarie<\/strong> Con la presente ci opponiamo all&#8217;utilizzo dei dati di contatto pubblicati nell&#8217;ambito del nostro obbligo di notifica legale ai fini dell&#8217;invio di materiale pubblicitario e informativo non richiesto. Gli operatori di questo sito web si riservano espressamente il diritto di intraprendere azioni legali in caso di invio non richiesto di informazioni pubblicitarie, come ad esempio le e-mail di spam. <\/p>\t\t\t\t\t\t<\/div>\n\t\t\t\t<\/div>\n\t\t\t\t\t<\/div>\n\t\t\t\t<\/div>\n\t\t\t\t\t<\/div>\n\t\t<\/div>\n\t\t\t\t\t<\/div>\n\t\t<\/section>\n\t\t\t\t<\/div>\n\t\t","protected":false},"excerpt":{"rendered":"<p>Home . Info Normativa sulla protezione dei dati Chiarimenti sulla protezione dei dati della societ\u00e0 Sportsch\u00fctzen Eppan, con sede legale in Kapuzinerstr. 25\/A &#8211; 39057 Eppan an der Weinstra\u00dfe (BZ) &#8211; Italia, (di seguito la &#8220;Societ\u00e0&#8221;) Indice dei contenuti Informazioni generali Dati personali trattati Finalit\u00e0 del trattamento dei dati Liceit\u00e0 del trattamento Trasmissione dei tuoi [&hellip;]<\/p>\n","protected":false},"author":1,"featured_media":0,"parent":0,"menu_order":0,"comment_status":"closed","ping_status":"closed","template":"elementor_header_footer","meta":{"footnotes":""},"class_list":["post-1632","page","type-page","status-publish","hentry"],"_links":{"self":[{"href":"https:\/\/www.sportschuetzen-eppan.it\/it\/wp-json\/wp\/v2\/pages\/1632","targetHints":{"allow":["GET"]}}],"collection":[{"href":"https:\/\/www.sportschuetzen-eppan.it\/it\/wp-json\/wp\/v2\/pages"}],"about":[{"href":"https:\/\/www.sportschuetzen-eppan.it\/it\/wp-json\/wp\/v2\/types\/page"}],"author":[{"embeddable":true,"href":"https:\/\/www.sportschuetzen-eppan.it\/it\/wp-json\/wp\/v2\/users\/1"}],"replies":[{"embeddable":true,"href":"https:\/\/www.sportschuetzen-eppan.it\/it\/wp-json\/wp\/v2\/comments?post=1632"}],"version-history":[{"count":2,"href":"https:\/\/www.sportschuetzen-eppan.it\/it\/wp-json\/wp\/v2\/pages\/1632\/revisions"}],"predecessor-version":[{"id":2198,"href":"https:\/\/www.sportschuetzen-eppan.it\/it\/wp-json\/wp\/v2\/pages\/1632\/revisions\/2198"}],"wp:attachment":[{"href":"https:\/\/www.sportschuetzen-eppan.it\/it\/wp-json\/wp\/v2\/media?parent=1632"}],"curies":[{"name":"wp","href":"https:\/\/api.w.org\/{rel}","templated":true}]}}