{"id":1614,"date":"2024-09-24T14:15:18","date_gmt":"2024-09-24T14:15:18","guid":{"rendered":"https:\/\/www.sportschuetzen-eppan.it\/associazione\/cronaca\/"},"modified":"2024-10-14T14:45:33","modified_gmt":"2024-10-14T14:45:33","slug":"cronaca","status":"publish","type":"page","link":"https:\/\/www.sportschuetzen-eppan.it\/it\/associazione\/cronaca\/","title":{"rendered":"Cronaca"},"content":{"rendered":"\t\t<div data-elementor-type=\"wp-page\" data-elementor-id=\"1614\" class=\"elementor elementor-1614 elementor-742\" data-elementor-post-type=\"page\">\n\t\t\t\t<div class=\"elementor-element elementor-element-4045ab5 e-flex e-con-boxed e-con e-parent\" data-id=\"4045ab5\" data-element_type=\"container\">\n\t\t\t\t\t<div class=\"e-con-inner\">\n\t\t\t\t<div class=\"elementor-element elementor-element-7014354 elementor-widget elementor-widget-text-editor\" data-id=\"7014354\" data-element_type=\"widget\" data-widget_type=\"text-editor.default\">\n\t\t\t\t<div class=\"elementor-widget-container\">\n\t\t\t\t\t\t\t<p>Quando si parla di tiratori tirolesi, di solito si pensa alla lotta per la libert\u00e0 del 1809 o ai tiratori tradizionali durante le feste religiose e profane. Tuttavia, fin dall&#8217;inizio, questo nome \u00e8 stato dato solo a quegli uomini che hanno sparato ai bersagli prima con una balestra e poi con un fucile nelle competizioni sportive ai poligoni di tiro. <\/p>\n<p>Se vuoi conoscere la storia del tiro a segno in Tirolo, devi prima guardare allo sviluppo della costituzione militare tirolese, sulle cui peculiarit\u00e0 si basa gran parte dell'&#8221;immagine e della sicurezza di s\u00e9 del Tirolo come individualit\u00e0 storico-politica&#8221;. Gli inizi della costituzione militare tirolese risalgono a molto tempo fa. In questo contesto, Otto Stolz fa addirittura riferimento alla natura bellicosa degli antichi Reti, dei Bavaresi e degli Svevi nell&#8217;antichit\u00e0 e nell&#8217;alto Medioevo come una delle basi popolari del sistema di difesa tirolese.  <\/p>\n<p>La legge germanica richiedeva la partecipazione all&#8217;esercito di tutti i proprietari terrieri, compresi i contadini liberi. Questo fu il caso fino all&#8217;epoca di Carlo Magno. Tuttavia, il numero di contadini liberi diminu\u00ec drasticamente, soprattutto perch\u00e9 la maggior parte di essi divenne fortemente dipendente dalla nobilt\u00e0 e dalla chiesa.<br \/>Il servizio militare dei re e dei duchi o dei sovrani fu quindi svolto da un numero molto pi\u00f9 ridotto di guerrieri ben addestrati, i cavalieri, che ricevevano in cambio un feudo. &#8220;Il sistema di esercito delle trib\u00f9 tedesche, la coscrizione generale di tutti i contadini proprietari terrieri, da un lato, e la fedelt\u00e0 speciale dei duchi e dei re, cio\u00e8 i guerrieri professionisti, dall&#8217;altro.s. i guerrieri professionisti, dall&#8217;altro, continuarono nel Medioevo, dall&#8217;VIII al XIII secolo circa, nella difesa obbligatoria delle terre dei contadini e nell&#8217;assalto alle terre da un lato e nel sistema cavalleresco e feudale dall&#8217;altro&#8221;.   <\/p>\n<p>Il coinvolgimento dei borghesi e dei contadini nella difesa della provincia, una delle ragioni principali dello sviluppo relativamente precoce del diritto all&#8217;autodeterminazione politica di questi ceti inferiori, pu\u00f2 essere fatto risalire all&#8217;attuale creatore del Tirolo, Meinhard II. Per fornire un contrappeso efficace alla nobilt\u00e0, egli promosse la borghesia delle citt\u00e0 e dei mercati e i contadini, che alla fine del suo regno erano direttamente soggetti al potere del sovrano.<\/p>\n<p>In caso di guerra, egli li invitava a difendere il paese, soprattutto per evitare di diventare troppo dipendenti dalla nobilt\u00e0; ad esempio, gi\u00e0 nel 1290, i cittadini di Bolzano erano obbligati a partecipare a campagne militari per il sovrano come parte dei loro privilegi.<br \/>Secondo Stolz, questo documento \u00e8 la prima volta che i termini &#8220;Heerfahrt&#8221; e &#8220;Raise&#8221; vengono utilizzati per iscritto nel Tirolo tedesco nello stesso senso di &#8220;campagna di guerra&#8221; (&#8220;exitus contra hostes, quod vulgo dicitur hervart&#8221; e &#8220;reisa et exitus contra hostes&#8221;). Tuttavia, il XIV secolo port\u00f2 una grave battuta d&#8217;arresto. Gli Asburgo, a cui il Tirolo era caduto nel 1363, preferirono ancora una volta fidarsi della nobilt\u00e0 e assoldare eserciti mercenari piuttosto che l&#8217;esercito popolare. Tuttavia, le conseguenze non tardarono ad arrivare. Nella battaglia di Sempach del 9 agosto 1386, i cavalieri del Tirolo e della Svevia sotto il Duca Leopoldo III furono schiacciati dai fanti confederati e le invasioni dei contadini dell&#8217;Appenzello diedero il colpo di grazia alla supremazia della nobilt\u00e0.    <br \/>Il nuovo sovrano, il Duca Federico dalle Tasche Vuote (1406-1439), trasse le conseguenze da queste sconfitte. Come aveva fatto Meinhard II, anche Federico si affid\u00f2 a borghesi e contadini nella sua lotta contro il dominio aristocratico. I loro servizi vennero riconosciuti ed enfatizzati nell&#8217;Ordinanza fondiaria del 1406, che rivalutava politicamente i due ceti inferiori. Ed \u00e8 dello stesso anno che abbiamo anche la prima convocazione di un sovrano, ovvero quella della corte di Passeier per una campagna militare in Welschtirol.<\/p>\n<p>&#8220;Il tono e il contenuto di questa lettera di convocazione del 1406 dimostrano senza ombra di dubbio che il servizio militare obbligatorio dei contadini in Tirolo per la difesa del paese era gi\u00e0 un&#8217;istituzione permanente a quel tempo. Solo i contadini che erano servi della gleba di donatori ecclesiastici e nobili signori non erano obbligati a prestare servizio militare per il sovrano, ma solo per i loro signori, e venivano anche arruolati da questi ultimi per i loro feudi&#8221;.<br \/>Secondo Erich Egg, le guerre che il duca Federico dovette intraprendere contro suo fratello, il duca Ernesto, e poi contro alcuni potenti nobili, in particolare quelli di Rottenburg, Schlandersberg e Starkenberg, in seguito agli eventi del Concilio di Costanza del 1415\/16, furono l&#8217;ora decisiva per il sovrano e per il Tirolo. I cittadini e i contadini rimasero saldamente al fianco di Federico e dell&#8217;unit\u00e0 del paese e combatterono al fianco del duca contro la nobilt\u00e0. In cambio, ricevettero una rappresentanza nelle diete provinciali. Il duca Sigmund (1439-1490) continu\u00f2 la politica di difesa di Federico e nel 1487, nella battaglia di Calliano (sotto Trento) contro i Veneziani, schier\u00f2 per la prima volta la cosiddetta &#8220;Tempesta&#8221; (in seguito chiamata Landsturm). Questa comprendeva tutti coloro che erano in grado di portare le armi sul confine meridionale in pericolo, nonch\u00e9 i servi non sposati e i braccianti che non erano obbligati a farlo.    <\/p>\n\t\t\t\t\t\t<\/div>\n\t\t\t\t<\/div>\n\t\t\t\t\t<\/div>\n\t\t\t\t<\/div>\n\t\t\t\t<\/div>\n\t\t","protected":false},"excerpt":{"rendered":"<p>Quando si parla di tiratori tirolesi, di solito si pensa alla lotta per la libert\u00e0 del 1809 o ai tiratori tradizionali durante le feste religiose e profane. Tuttavia, fin dall&#8217;inizio, questo nome \u00e8 stato dato solo a quegli uomini che hanno sparato ai bersagli prima con una balestra e poi con un fucile nelle competizioni [&hellip;]<\/p>\n","protected":false},"author":1,"featured_media":0,"parent":1608,"menu_order":0,"comment_status":"closed","ping_status":"closed","template":"","meta":{"footnotes":""},"class_list":["post-1614","page","type-page","status-publish","hentry"],"_links":{"self":[{"href":"https:\/\/www.sportschuetzen-eppan.it\/it\/wp-json\/wp\/v2\/pages\/1614","targetHints":{"allow":["GET"]}}],"collection":[{"href":"https:\/\/www.sportschuetzen-eppan.it\/it\/wp-json\/wp\/v2\/pages"}],"about":[{"href":"https:\/\/www.sportschuetzen-eppan.it\/it\/wp-json\/wp\/v2\/types\/page"}],"author":[{"embeddable":true,"href":"https:\/\/www.sportschuetzen-eppan.it\/it\/wp-json\/wp\/v2\/users\/1"}],"replies":[{"embeddable":true,"href":"https:\/\/www.sportschuetzen-eppan.it\/it\/wp-json\/wp\/v2\/comments?post=1614"}],"version-history":[{"count":0,"href":"https:\/\/www.sportschuetzen-eppan.it\/it\/wp-json\/wp\/v2\/pages\/1614\/revisions"}],"up":[{"embeddable":true,"href":"https:\/\/www.sportschuetzen-eppan.it\/it\/wp-json\/wp\/v2\/pages\/1608"}],"wp:attachment":[{"href":"https:\/\/www.sportschuetzen-eppan.it\/it\/wp-json\/wp\/v2\/media?parent=1614"}],"curies":[{"name":"wp","href":"https:\/\/api.w.org\/{rel}","templated":true}]}}