{"id":1607,"date":"2024-07-11T14:26:55","date_gmt":"2024-07-11T14:26:55","guid":{"rendered":"https:\/\/www.sportschuetzen-eppan.it\/impronta\/"},"modified":"2024-10-15T07:59:01","modified_gmt":"2024-10-15T07:59:01","slug":"editoriale","status":"publish","type":"page","link":"https:\/\/www.sportschuetzen-eppan.it\/it\/editoriale\/","title":{"rendered":"Editoriale"},"content":{"rendered":"\t\t<div data-elementor-type=\"wp-page\" data-elementor-id=\"1607\" class=\"elementor elementor-1607 elementor-254\" data-elementor-post-type=\"page\">\n\t\t\t\t\t\t<section class=\"elementor-section elementor-top-section elementor-element elementor-element-66caf6f6 elementor-section-full_width elementor-section-height-default elementor-section-height-default\" data-id=\"66caf6f6\" data-element_type=\"section\" data-settings=\"{&quot;background_background&quot;:&quot;classic&quot;}\">\n\t\t\t\t\t\t\t<div class=\"elementor-background-overlay\"><\/div>\n\t\t\t\t\t\t\t<div class=\"elementor-container elementor-column-gap-default\">\n\t\t\t\t\t<div class=\"elementor-column elementor-col-100 elementor-top-column elementor-element elementor-element-116d1bd5\" data-id=\"116d1bd5\" data-element_type=\"column\" data-settings=\"{&quot;background_background&quot;:&quot;classic&quot;}\">\n\t\t\t<div class=\"elementor-widget-wrap elementor-element-populated\">\n\t\t\t\t\t\t<section class=\"elementor-section elementor-inner-section elementor-element elementor-element-4963383d elementor-section-boxed elementor-section-height-default elementor-section-height-default\" data-id=\"4963383d\" data-element_type=\"section\">\n\t\t\t\t\t\t<div class=\"elementor-container elementor-column-gap-default\">\n\t\t\t\t\t<div class=\"elementor-column elementor-col-100 elementor-inner-column elementor-element elementor-element-2c1a0ad2\" data-id=\"2c1a0ad2\" data-element_type=\"column\">\n\t\t\t<div class=\"elementor-widget-wrap elementor-element-populated\">\n\t\t\t\t\t\t<div class=\"elementor-element elementor-element-628ccfb7 elementor-widget__width-auto elementor-icon-list--layout-traditional elementor-list-item-link-full_width elementor-widget elementor-widget-icon-list\" data-id=\"628ccfb7\" data-element_type=\"widget\" data-widget_type=\"icon-list.default\">\n\t\t\t\t<div class=\"elementor-widget-container\">\n\t\t\t\t\t<ul class=\"elementor-icon-list-items\">\n\t\t\t\t\t\t\t<li class=\"elementor-icon-list-item\">\n\t\t\t\t\t\t\t\t\t\t\t<a href=\"#\">\n\n\t\t\t\t\t\t\t\t\t\t\t<span class=\"elementor-icon-list-text\">Home<\/span>\n\t\t\t\t\t\t\t\t\t\t\t<\/a>\n\t\t\t\t\t\t\t\t\t<\/li>\n\t\t\t\t\t\t<\/ul>\n\t\t\t\t<\/div>\n\t\t\t\t<\/div>\n\t\t\t\t<div class=\"elementor-element elementor-element-1fb5e991 elementor-widget__width-auto elementor-widget elementor-widget-heading\" data-id=\"1fb5e991\" data-element_type=\"widget\" data-widget_type=\"heading.default\">\n\t\t\t\t<div class=\"elementor-widget-container\">\n\t\t\t<h4 class=\"elementor-heading-title elementor-size-default\">.<\/h4>\t\t<\/div>\n\t\t\t\t<\/div>\n\t\t\t\t<div class=\"elementor-element elementor-element-741af900 elementor-widget__width-auto elementor-icon-list--layout-traditional elementor-list-item-link-full_width elementor-widget elementor-widget-icon-list\" data-id=\"741af900\" data-element_type=\"widget\" data-widget_type=\"icon-list.default\">\n\t\t\t\t<div class=\"elementor-widget-container\">\n\t\t\t\t\t<ul class=\"elementor-icon-list-items\">\n\t\t\t\t\t\t\t<li class=\"elementor-icon-list-item\">\n\t\t\t\t\t\t\t\t\t\t<span class=\"elementor-icon-list-text\">Info<\/span>\n\t\t\t\t\t\t\t\t\t<\/li>\n\t\t\t\t\t\t<\/ul>\n\t\t\t\t<\/div>\n\t\t\t\t<\/div>\n\t\t\t\t<div class=\"elementor-element elementor-element-29fc7cae elementor-widget elementor-widget-heading\" data-id=\"29fc7cae\" data-element_type=\"widget\" data-widget_type=\"heading.default\">\n\t\t\t\t<div class=\"elementor-widget-container\">\n\t\t\t<h2 class=\"elementor-heading-title elementor-size-default\">Editoriale<\/h2>\t\t<\/div>\n\t\t\t\t<\/div>\n\t\t\t\t\t<\/div>\n\t\t<\/div>\n\t\t\t\t\t<\/div>\n\t\t<\/section>\n\t\t\t\t\t<\/div>\n\t\t<\/div>\n\t\t\t\t\t<\/div>\n\t\t<\/section>\n\t\t\t\t<section class=\"elementor-section elementor-top-section elementor-element elementor-element-499f0b68 elementor-section-boxed elementor-section-height-default elementor-section-height-default\" data-id=\"499f0b68\" data-element_type=\"section\" data-settings=\"{&quot;background_background&quot;:&quot;classic&quot;}\">\n\t\t\t\t\t\t\t<div class=\"elementor-background-overlay\"><\/div>\n\t\t\t\t\t\t\t<div class=\"elementor-container elementor-column-gap-default\">\n\t\t\t\t\t<div class=\"elementor-column elementor-col-100 elementor-top-column elementor-element elementor-element-12c05f67\" data-id=\"12c05f67\" data-element_type=\"column\">\n\t\t\t<div class=\"elementor-widget-wrap elementor-element-populated\">\n\t\t\t\t<div class=\"elementor-element elementor-element-d4ee11b e-grid e-con-boxed e-con e-parent\" data-id=\"d4ee11b\" data-element_type=\"container\">\n\t\t\t\t\t<div class=\"e-con-inner\">\n\t\t\t\t<div class=\"elementor-element elementor-element-42aa6c9 elementor-widget elementor-widget-text-editor\" data-id=\"42aa6c9\" data-element_type=\"widget\" data-widget_type=\"text-editor.default\">\n\t\t\t\t<div class=\"elementor-widget-container\">\n\t\t\t\t\t\t\t<p><strong>Proprietario del sito web e responsabile dei contenuti:<\/strong> Associazione sportiva tiratori Appiano<br \/>Via Cappuccini 25\/a <br \/>39057 Appiano (BZ) <br \/>Partita IVA: <br \/>E-Mail:\u00a0<a href=\"mailto:schiesstand.stmichael@rolmail.net\">schiesstand.stmichael@rolmail.net<\/a><\/p>\t\t\t\t\t\t<\/div>\n\t\t\t\t<\/div>\n\t\t\t\t<div class=\"elementor-element elementor-element-5985969 elementor-widget elementor-widget-text-editor\" data-id=\"5985969\" data-element_type=\"widget\" data-widget_type=\"text-editor.default\">\n\t\t\t\t<div class=\"elementor-widget-container\">\n\t\t\t\t\t\t\t<p><b>Programmazione del sito web:<\/b><br \/>Contech<br \/>Zona industriale Molini 3<br \/>I-39032 Campo Tures (BZ)<br \/>Alto Adige<br \/><a href=\"https:\/\/www.contech.it\" target=\"_blank\" rel=\"noopener\">www.contech.it<\/a><\/p>\t\t\t\t\t\t<\/div>\n\t\t\t\t<\/div>\n\t\t\t\t<div class=\"elementor-element elementor-element-43b3471 elementor-widget elementor-widget-text-editor\" data-id=\"43b3471\" data-element_type=\"widget\" data-widget_type=\"text-editor.default\">\n\t\t\t\t<div class=\"elementor-widget-container\">\n\t\t\t\t\t\t\t<p><b>Foto e materiale visivo:<br \/><\/b><span style=\"text-align: var(--text-align); background-color: var( --e-global-color-secondary ); color: var( --e-global-color-text ); font-family: var( --e-global-typography-text-font-family ), Sans-serif; font-size: var( --e-global-typography-text-font-size ); font-weight: var( --e-global-typography-text-font-weight ); text-transform: var( --e-global-typography-text-text-transform );\">\u00a9 Associazione sportiva tiratori Appiano<br \/><\/span><span style=\"text-align: var(--text-align); background-color: var( --e-global-color-secondary ); color: var( --e-global-color-text ); font-family: var( --e-global-typography-text-font-family ), Sans-serif; font-size: var( --e-global-typography-text-font-size ); font-weight: var( --e-global-typography-text-font-weight ); text-transform: var( --e-global-typography-text-text-transform );\">\u00a0\u00a9 Envato<\/span><\/p>\t\t\t\t\t\t<\/div>\n\t\t\t\t<\/div>\n\t\t\t\t\t<\/div>\n\t\t\t\t<\/div>\n\t\t<div class=\"elementor-element elementor-element-3777c17 e-flex e-con-boxed e-con e-parent\" data-id=\"3777c17\" data-element_type=\"container\">\n\t\t\t\t\t<div class=\"e-con-inner\">\n\t\t\t\t<div class=\"elementor-element elementor-element-8b66823 elementor-widget elementor-widget-text-editor\" data-id=\"8b66823\" data-element_type=\"widget\" data-widget_type=\"text-editor.default\">\n\t\t\t\t<div class=\"elementor-widget-container\">\n\t\t\t\t\t\t\t<p><strong>Informazioni obbligatorie ai sensi del Regolamento UE n. 524\/2013 del Parlamento europeo e del Consiglio:<\/strong> Piattaforma per la risoluzione online delle controversie dei consumatori (ODR) della Commissione europea:<a href=\"http:\/\/ec.europa.eu\/consumers\/odr\" target=\"_blank\" rel=\"noopener\">ec.europa.eu\/consumers\/odr<\/a><\/p>\n<p><strong>Responsabilit\u00e0 per i contenuti<\/strong> In qualit\u00e0 di fornitore di servizi, siamo responsabili dei nostri contenuti su queste pagine in conformit\u00e0 alla legislazione generale.<br>Tuttavia, in qualit\u00e0 di fornitore di servizi, non siamo obbligati a monitorare le informazioni trasmesse o memorizzate da terzi o a indagare su circostanze che indichino un&#8217;attivit\u00e0 illegale. Tuttavia, la responsabilit\u00e0 in questo senso \u00e8 possibile solo dal momento in cui si viene a conoscenza di una specifica violazione. Non appena verremo a conoscenza di tali violazioni, rimuoveremo immediatamente i contenuti.   <\/p>\n<p><strong>Responsabilit\u00e0 per i link<\/strong> Il nostro sito web contiene link a siti web esterni di terzi sui cui contenuti non abbiamo alcuna influenza. Pertanto, non possiamo assumerci alcuna responsabilit\u00e0 per questi contenuti di terzi. Il rispettivo fornitore o gestore delle pagine \u00e8 sempre responsabile del contenuto delle pagine collegate. Le pagine collegate sono state controllate per verificare la presenza di eventuali violazioni legali al momento del collegamento.<br>Il contenuto illegale non era riconoscibile al momento del collegamento, tuttavia il monitoraggio permanente del contenuto delle pagine collegate non \u00e8 ragionevole in assenza di prove concrete di una violazione. Se dovessimo venire a conoscenza di eventuali violazioni legali, rimuoveremo immediatamente tali link.     <\/p>\n<p><strong>Copyright<\/strong> I contenuti e le opere presenti in queste pagine sono regolati dalle leggi italiane sul copyright. La duplicazione, l&#8217;elaborazione, la distribuzione e qualsiasi forma di commercializzazione di tale materiale al di fuori dell&#8217;ambito di applicazione della legge sul diritto d&#8217;autore richiede il previo consenso scritto del rispettivo autore o creatore.<br>I download e le copie di questo sito sono consentiti solo per uso privato e non commerciale. Nella misura in cui i contenuti di questo sito non sono stati creati dall&#8217;operatore, vengono rispettati i diritti d&#8217;autore di terzi. In particolare, i contenuti di terzi sono contrassegnati come tali. Se tuttavia dovessi venire a conoscenza di una violazione del copyright, ti preghiamo di informarci di conseguenza. Qualora venissimo a conoscenza di violazioni, provvederemo a rimuovere immediatamente tali contenuti.     <\/p>\t\t\t\t\t\t<\/div>\n\t\t\t\t<\/div>\n\t\t\t\t\t<\/div>\n\t\t\t\t<\/div>\n\t\t\t\t\t<\/div>\n\t\t<\/div>\n\t\t\t\t\t<\/div>\n\t\t<\/section>\n\t\t\t\t<\/div>\n\t\t","protected":false},"excerpt":{"rendered":"<p>Home . Info Editoriale Proprietario del sito web e responsabile dei contenuti: Associazione sportiva tiratori AppianoVia Cappuccini 25\/a 39057 Appiano (BZ) Partita IVA: E-Mail:\u00a0schiesstand.stmichael@rolmail.net Programmazione del sito web:ContechZona industriale Molini 3I-39032 Campo Tures (BZ)Alto Adigewww.contech.it Foto e materiale visivo:\u00a9 Associazione sportiva tiratori Appiano\u00a0\u00a9 Envato Informazioni obbligatorie ai sensi del Regolamento UE n. 524\/2013 del Parlamento [&hellip;]<\/p>\n","protected":false},"author":1,"featured_media":0,"parent":0,"menu_order":0,"comment_status":"closed","ping_status":"closed","template":"elementor_header_footer","meta":{"footnotes":""},"class_list":["post-1607","page","type-page","status-publish","hentry"],"_links":{"self":[{"href":"https:\/\/www.sportschuetzen-eppan.it\/it\/wp-json\/wp\/v2\/pages\/1607","targetHints":{"allow":["GET"]}}],"collection":[{"href":"https:\/\/www.sportschuetzen-eppan.it\/it\/wp-json\/wp\/v2\/pages"}],"about":[{"href":"https:\/\/www.sportschuetzen-eppan.it\/it\/wp-json\/wp\/v2\/types\/page"}],"author":[{"embeddable":true,"href":"https:\/\/www.sportschuetzen-eppan.it\/it\/wp-json\/wp\/v2\/users\/1"}],"replies":[{"embeddable":true,"href":"https:\/\/www.sportschuetzen-eppan.it\/it\/wp-json\/wp\/v2\/comments?post=1607"}],"version-history":[{"count":0,"href":"https:\/\/www.sportschuetzen-eppan.it\/it\/wp-json\/wp\/v2\/pages\/1607\/revisions"}],"wp:attachment":[{"href":"https:\/\/www.sportschuetzen-eppan.it\/it\/wp-json\/wp\/v2\/media?parent=1607"}],"curies":[{"name":"wp","href":"https:\/\/api.w.org\/{rel}","templated":true}]}}