{"id":1597,"date":"2024-09-24T14:14:37","date_gmt":"2024-09-24T14:14:37","guid":{"rendered":"https:\/\/www.sportschuetzen-eppan.it\/protocolli-di-ripresa\/"},"modified":"2024-10-14T14:45:32","modified_gmt":"2024-10-14T14:45:32","slug":"protocolli-di-ripresa","status":"publish","type":"page","link":"https:\/\/www.sportschuetzen-eppan.it\/it\/associazione\/protocolli-di-ripresa\/","title":{"rendered":"Protocolli di ripresa"},"content":{"rendered":"\t\t<div data-elementor-type=\"wp-page\" data-elementor-id=\"1597\" class=\"elementor elementor-1597 elementor-740\" data-elementor-post-type=\"page\">\n\t\t\t\t<div class=\"elementor-element elementor-element-ab259f0 e-flex e-con-boxed e-con e-parent\" data-id=\"ab259f0\" data-element_type=\"container\">\n\t\t\t\t\t<div class=\"e-con-inner\">\n\t\t\t\t<div class=\"elementor-element elementor-element-0fca003 elementor-widget elementor-widget-text-editor\" data-id=\"0fca003\" data-element_type=\"widget\" data-widget_type=\"text-editor.default\">\n\t\t\t\t<div class=\"elementor-widget-container\">\n\t\t\t\t\t\t\t<p><b>Informazioni generali sui registri di tiro di Appiano<\/b><span class=\"Apple-style-span\"><br><\/span><\/p>\n<p>Il poligono di tiro di San Michele fu probabilmente costruito nel 1670. Questa data \u00e8 incisa nella pietra sopra il portale d&#8217;ingresso. Inoltre, un&#8217;altra prova sembra confermare questa ipotesi: Otto Stolz riporta il tentativo fallito del vicino convento dei Cappuccini nel 1671 di far chiudere il poligono appena costruito a causa del L\u00f6rm. Il poligono di tiro di San Michele \u00e8 quindi probabilmente la pi\u00f9 antica casa di tiro ancora in uso in Alto Adige.   &nbsp;<\/p>\n<p>Tuttavia, il tiro a segno ad Appiano pu\u00f2 essere fatto risalire al XVI secolo, come dimostra la partecipazione di un certo Sigmund S\u00f6ll von Aichperg come rappresentante della nobilt\u00e0 al grande tiro libero di Bolzano del 22 maggio 1594. Tuttavia, non si sa altro su questo primo periodo della storia del tiro a segno ad Appiano. Le fonti pi\u00f9 importanti a questo proposito, i registri dei tiratori, sono conservati solo a partire dal 1722.  <\/p>\n<p>Questi registri di tiro sono documenti estremamente preziosi e interessanti.&nbsp;Non solo contengono un elenco preciso dei singoli tiri con tutti i partecipanti e i risultati, ma forniscono anche molti dettagli utili sulla particolare organizzazione della vita di tiro ad Appiano. Purtroppo non sono stati conservati completamente. L&#8217;archivio del poligono contiene i verbali degli anni dal 1722 al 1734 e dal 1744 al 1764; tuttavia, i verbali mancano fino al 1869, cio\u00e8 per un periodo di ben cento anni, ma sono poi quasi completamente conservati fino al 1915.   <\/p>\t\t\t\t\t\t<\/div>\n\t\t\t\t<\/div>\n\t\t\t\t\t<\/div>\n\t\t\t\t<\/div>\n\t\t\t\t<\/div>\n\t\t","protected":false},"excerpt":{"rendered":"<p>Informazioni generali sui registri di tiro di Appiano Il poligono di tiro di San Michele fu probabilmente costruito nel 1670. Questa data \u00e8 incisa nella pietra sopra il portale d&#8217;ingresso. Inoltre, un&#8217;altra prova sembra confermare questa ipotesi: Otto Stolz riporta il tentativo fallito del vicino convento dei Cappuccini nel 1671 di far chiudere il poligono [&hellip;]<\/p>\n","protected":false},"author":1,"featured_media":0,"parent":1608,"menu_order":0,"comment_status":"closed","ping_status":"closed","template":"","meta":{"footnotes":""},"class_list":["post-1597","page","type-page","status-publish","hentry"],"_links":{"self":[{"href":"https:\/\/www.sportschuetzen-eppan.it\/it\/wp-json\/wp\/v2\/pages\/1597","targetHints":{"allow":["GET"]}}],"collection":[{"href":"https:\/\/www.sportschuetzen-eppan.it\/it\/wp-json\/wp\/v2\/pages"}],"about":[{"href":"https:\/\/www.sportschuetzen-eppan.it\/it\/wp-json\/wp\/v2\/types\/page"}],"author":[{"embeddable":true,"href":"https:\/\/www.sportschuetzen-eppan.it\/it\/wp-json\/wp\/v2\/users\/1"}],"replies":[{"embeddable":true,"href":"https:\/\/www.sportschuetzen-eppan.it\/it\/wp-json\/wp\/v2\/comments?post=1597"}],"version-history":[{"count":0,"href":"https:\/\/www.sportschuetzen-eppan.it\/it\/wp-json\/wp\/v2\/pages\/1597\/revisions"}],"up":[{"embeddable":true,"href":"https:\/\/www.sportschuetzen-eppan.it\/it\/wp-json\/wp\/v2\/pages\/1608"}],"wp:attachment":[{"href":"https:\/\/www.sportschuetzen-eppan.it\/it\/wp-json\/wp\/v2\/media?parent=1597"}],"curies":[{"name":"wp","href":"https:\/\/api.w.org\/{rel}","templated":true}]}}